{"id":47,"date":"2024-10-22T23:38:52","date_gmt":"2024-10-22T23:38:52","guid":{"rendered":"https:\/\/proyectosaustral.cl\/?page_id=47"},"modified":"2024-10-23T07:06:14","modified_gmt":"2024-10-23T07:06:14","slug":"nosotros","status":"publish","type":"page","link":"https:\/\/proyectosaustral.cl\/index.php\/nosotros\/","title":{"rendered":"Nosotros"},"content":{"rendered":"<p>[et_pb_section fb_built=\u00bb1&#8243; admin_label=\u00bbHeader &#038; Video\u00bb _builder_version=\u00bb4.26.0&#8243; _module_preset=\u00bbdefault\u00bb background_enable_color=\u00bboff\u00bb background_image=\u00bbhttps:\/\/proyectosaustral.cl\/wp-content\/uploads\/2024\/10\/fondo-gris.jpg\u00bb collapsed=\u00bbon\u00bb global_colors_info=\u00bb{%22gcid-3cfc8c0c-5557-4a5d-9dab-24e78d615311%22:%91%22background_color_gradient_stops%22%93,%22gcid-650921a2-2eba-4283-a6e6-fb2ffa7ca9ad%22:%91%22background_color_gradient_stops%22%93,%22gcid-8a774e07-7ffa-496d-a3ae-ed0f5be735c7%22:%91%22background_color_gradient_stops%22%93}\u00bb][et_pb_row column_structure=\u00bb3_4,1_4&#8243; _builder_version=\u00bb4.22.0&#8243; _module_preset=\u00bbdefault\u00bb custom_padding=\u00bb0px||2px|||\u00bb global_colors_info=\u00bb{}\u00bb][et_pb_column type=\u00bb3_4&#8243; _builder_version=\u00bb4.22.0&#8243; _module_preset=\u00bbdefault\u00bb global_colors_info=\u00bb{}\u00bb][et_pb_text _builder_version=\u00bb4.26.0&#8243; _module_preset=\u00bb8b00171a-27e8-4a74-b083-09d222b7e91b\u00bb text_text_color=\u00bb#000000&#8243; header_text_color=\u00bb#0f7cc1&#8243; custom_margin=\u00bb||10px||false|false\u00bb animation_style=\u00bbfade\u00bb global_colors_info=\u00bb{}\u00bb]<\/p>\n<h1><span style=\"color: #3366ff;\">Proyectos Austral<\/span><\/h1>\n<p>[\/et_pb_text][et_pb_text _builder_version=\u00bb4.26.0&#8243; _module_preset=\u00bb18906676-4bb0-4d0b-9b87-d833a5bd83ed\u00bb text_text_color=\u00bb#FFFFFF\u00bb text_font_size=\u00bb15px\u00bb header_text_color=\u00bb#FFFFFF\u00bb global_colors_info=\u00bb{}\u00bb]<\/p>\n<h3><span style=\"color: #808080;\">Somos una empresa de Gesti\u00f3n y Capacitaci\u00f3n Admnistrativa, enfocada en soluciones de alto impacto en las organizaciones.<\/span><\/h3>\n<p>[\/et_pb_text][et_pb_text _builder_version=\u00bb4.26.0&#8243; _module_preset=\u00bbdefault\u00bb global_colors_info=\u00bb{}\u00bb]<\/p>\n<ul>\n<li><span style=\"color: #808080;\">Evaluamos los nodos cr\u00edticos de cada proceso generando herramientas de optimizaci\u00f3n y control.<\/span><\/li>\n<li><span style=\"color: #808080;\">Realizamos capacitaci\u00f3n de implementaci\u00f3n de procesos y cumplimiento de normativa legal.<\/span><\/li>\n<li><span style=\"color: #808080;\">Generamos evaluaciones de proyectos presentando la rentabilidad y la proyecci\u00f3n de recuperaci\u00f3n de la inversi\u00f3n.<\/span><\/li>\n<li><span style=\"color: #808080;\">Todo esto con el fin de ayudar a mejorar la gesti\u00f3n a trav\u00e9s de innovaciones significativas.<\/span><\/li>\n<li><span style=\"color: #808080;\">Contamos con un equipo humano altamente calificado y dedicado a que cada cliente se sienta confiado en dejar su administraci\u00f3n en nuestras manos, con la certeza de que toda la informaci\u00f3n es confidencial y segura.<\/span><\/li>\n<\/ul>\n<p>[\/et_pb_text][\/et_pb_column][et_pb_column type=\u00bb1_4&#8243; _builder_version=\u00bb4.22.0&#8243; _module_preset=\u00bbdefault\u00bb global_colors_info=\u00bb{}\u00bb][\/et_pb_column][\/et_pb_row][et_pb_row column_structure=\u00bb1_4,3_4&#8243; _builder_version=\u00bb4.26.0&#8243; _module_preset=\u00bbdefault\u00bb animation_style=\u00bbfade\u00bb global_colors_info=\u00bb{}\u00bb][et_pb_column type=\u00bb1_4&#8243; _builder_version=\u00bb4.22.0&#8243; _module_preset=\u00bbdefault\u00bb global_colors_info=\u00bb{}\u00bb][\/et_pb_column][et_pb_column type=\u00bb3_4&#8243; _builder_version=\u00bb4.22.0&#8243; _module_preset=\u00bbdefault\u00bb global_colors_info=\u00bb{}\u00bb][et_pb_image src=\u00bbhttps:\/\/proyectosaustral.cl\/wp-content\/uploads\/2024\/10\/LAST-001.jpg\u00bb title_text=\u00bbLAST 001&#8243; _builder_version=\u00bb4.26.0&#8243; _module_preset=\u00bbdefault\u00bb box_shadow_style=\u00bbpreset2&#8243; global_colors_info=\u00bb{}\u00bb][\/et_pb_image][\/et_pb_column][\/et_pb_row][\/et_pb_section][et_pb_section fb_built=\u00bb1&#8243; admin_label=\u00bbHeader &#038; Video\u00bb _builder_version=\u00bb4.26.0&#8243; _module_preset=\u00bbdefault\u00bb background_color=\u00bb#1aa9e1&#8243; hover_enabled=\u00bb0&#8243; collapsed=\u00bbon\u00bb global_colors_info=\u00bb{%22gcid-3cfc8c0c-5557-4a5d-9dab-24e78d615311%22:%91%22background_color_gradient_stops%22%93,%22gcid-650921a2-2eba-4283-a6e6-fb2ffa7ca9ad%22:%91%22background_color_gradient_stops%22%93,%22gcid-8a774e07-7ffa-496d-a3ae-ed0f5be735c7%22:%91%22background_color_gradient_stops%22%93}\u00bb sticky_enabled=\u00bb0&#8243;][et_pb_row column_structure=\u00bb3_4,1_4&#8243; _builder_version=\u00bb4.22.0&#8243; _module_preset=\u00bbdefault\u00bb global_colors_info=\u00bb{}\u00bb][et_pb_column type=\u00bb3_4&#8243; _builder_version=\u00bb4.22.0&#8243; _module_preset=\u00bbdefault\u00bb global_colors_info=\u00bb{}\u00bb][et_pb_text _builder_version=\u00bb4.26.0&#8243; _module_preset=\u00bb18906676-4bb0-4d0b-9b87-d833a5bd83ed\u00bb hover_enabled=\u00bb0&#8243; global_colors_info=\u00bb{}\u00bb sticky_enabled=\u00bb0&#8243; custom_margin=\u00bb||15px|||\u00bb custom_padding=\u00bb||0px|||\u00bb]<\/p>\n<h3><span style=\"color: #ffffff;\">Nuestra Misi\u00f3n<\/span><\/h3>\n<p>[\/et_pb_text][et_pb_text _builder_version=\u00bb4.26.0&#8243; _module_preset=\u00bbdefault\u00bb hover_enabled=\u00bb0&#8243; global_colors_info=\u00bb{}\u00bb sticky_enabled=\u00bb0&#8243; custom_margin=\u00bb-14px|||||\u00bb]<\/p>\n<p><span style=\"color: #ffffff;\">Llevar a cabo servicios y soluciones a nuestros clientes con la m\u00e1s alta calidad y de forma personalizada en la gesti\u00f3n administrativa, aseguramos innovaci\u00f3n y seguridad en todo el proceso, implementando medidas de control y reporter\u00eda de manera eficiente, responsable y eficaz.<\/span><\/p>\n<p>[\/et_pb_text][\/et_pb_column][et_pb_column type=\u00bb1_4&#8243; _builder_version=\u00bb4.22.0&#8243; _module_preset=\u00bbdefault\u00bb global_colors_info=\u00bb{}\u00bb][\/et_pb_column][\/et_pb_row][et_pb_row column_structure=\u00bb3_4,1_4&#8243; _builder_version=\u00bb4.22.0&#8243; _module_preset=\u00bbdefault\u00bb global_colors_info=\u00bb{}\u00bb][et_pb_column type=\u00bb3_4&#8243; _builder_version=\u00bb4.22.0&#8243; _module_preset=\u00bbdefault\u00bb global_colors_info=\u00bb{}\u00bb][et_pb_text _builder_version=\u00bb4.26.0&#8243; _module_preset=\u00bb18906676-4bb0-4d0b-9b87-d833a5bd83ed\u00bb hover_enabled=\u00bb0&#8243; global_colors_info=\u00bb{}\u00bb sticky_enabled=\u00bb0&#8243; custom_margin=\u00bb||-4px|||\u00bb]<\/p>\n<h3><span style=\"color: #ffffff;\">Nuestra Visi\u00f3n<\/span><\/h3>\n<p>[\/et_pb_text][et_pb_text _builder_version=\u00bb4.26.0&#8243; _module_preset=\u00bbdefault\u00bb hover_enabled=\u00bb0&#8243; global_colors_info=\u00bb{}\u00bb sticky_enabled=\u00bb0&#8243;]<\/p>\n<p><span style=\"color: #ffffff;\">Ser una empresa l\u00edder en la gesti\u00f3n de procesos administrativos, implementando la mejora continua en todos nuestros servicios, de la mano de un equipo altamente calificado.<\/span><\/p>\n<p>[\/et_pb_text][\/et_pb_column][et_pb_column type=\u00bb1_4&#8243; _builder_version=\u00bb4.22.0&#8243; _module_preset=\u00bbdefault\u00bb global_colors_info=\u00bb{}\u00bb][\/et_pb_column][\/et_pb_row][et_pb_row column_structure=\u00bb1_4,3_4&#8243; _builder_version=\u00bb4.26.0&#8243; _module_preset=\u00bbdefault\u00bb animation_style=\u00bbfade\u00bb global_colors_info=\u00bb{}\u00bb][et_pb_column type=\u00bb1_4&#8243; _builder_version=\u00bb4.22.0&#8243; _module_preset=\u00bbdefault\u00bb global_colors_info=\u00bb{}\u00bb][\/et_pb_column][et_pb_column type=\u00bb3_4&#8243; _builder_version=\u00bb4.22.0&#8243; _module_preset=\u00bbdefault\u00bb global_colors_info=\u00bb{}\u00bb][et_pb_image src=\u00bbhttps:\/\/proyectosaustral.cl\/wp-content\/uploads\/2024\/10\/foto04BBBBB.jpg\u00bb title_text=\u00bbfoto04BBBBB\u00bb _builder_version=\u00bb4.26.0&#8243; _module_preset=\u00bbdefault\u00bb box_shadow_style=\u00bbpreset2&#8243; global_colors_info=\u00bb{}\u00bb][\/et_pb_image][\/et_pb_column][\/et_pb_row][\/et_pb_section][et_pb_section fb_built=\u00bb1&#8243; admin_label=\u00bbAbout\u00bb _builder_version=\u00bb4.26.0&#8243; _module_preset=\u00bbdefault\u00bb background_enable_color=\u00bboff\u00bb background_image=\u00bbhttps:\/\/proyectosaustral.cl\/wp-content\/uploads\/2024\/10\/fondo-002.jpg\u00bb collapsed=\u00bbon\u00bb global_colors_info=\u00bb{%22gcid-3cfc8c0c-5557-4a5d-9dab-24e78d615311%22:%91%22background_color%22%93}\u00bb][et_pb_row _builder_version=\u00bb4.22.0&#8243; _module_preset=\u00bbdefault\u00bb locked=\u00bboff\u00bb global_colors_info=\u00bb{}\u00bb][et_pb_column type=\u00bb4_4&#8243; _builder_version=\u00bb4.22.0&#8243; _module_preset=\u00bbdefault\u00bb global_colors_info=\u00bb{}\u00bb][et_pb_text _builder_version=\u00bb4.22.0&#8243; _module_preset=\u00bb8dde8525-f8e0-4602-b169-79968c373478&#8243; max_width=\u00bb800px\u00bb global_colors_info=\u00bb{}\u00bb]<\/p>\n<h2>Potenciamos tu gesti\u00f3n con soluciones personalizadas<\/h2>\n<p>[\/et_pb_text][\/et_pb_column][\/et_pb_row][et_pb_row column_structure=\u00bb3_5,2_5&#8243; make_equal=\u00bbon\u00bb _builder_version=\u00bb4.26.0&#8243; _module_preset=\u00bbdefault\u00bb animation_style=\u00bbfade\u00bb global_colors_info=\u00bb{}\u00bb][et_pb_column type=\u00bb3_5&#8243; _builder_version=\u00bb4.26.0&#8243; _module_preset=\u00bbdefault\u00bb background_color=\u00bb#FFFFFF\u00bb custom_padding=\u00bb40px|40px|40px|40px|true|true\u00bb custom_padding_tablet=\u00bb30px|30px|30px|30px|true|true\u00bb custom_padding_phone=\u00bb20px|20px|20px|20px|true|true\u00bb custom_padding_last_edited=\u00bbon|tablet\u00bb box_shadow_style=\u00bbpreset2&#8243; global_colors_info=\u00bb{}\u00bb][et_pb_text _builder_version=\u00bb4.26.0&#8243; _module_preset=\u00bb7f563976-42e2-4722-9769-5a7912fa83c8&#8243; hover_enabled=\u00bb0&#8243; global_colors_info=\u00bb{}\u00bb sticky_enabled=\u00bb0&#8243;]<\/p>\n<p><span>Nuestras soluciones se adaptan a las necesidades y objetivos espec\u00edficos de tu empresa. Nuestro enfoque estrat\u00e9gico y nuestra experiencia garantizan una optimizaci\u00f3n de procesos, maximizando la eficiencia y asegurando el \u00e9xito en cada proyecto que emprendas.<\/span><\/p>\n<p>[\/et_pb_text][\/et_pb_column][et_pb_column type=\u00bb2_5&#8243; _builder_version=\u00bb4.26.0&#8243; _module_preset=\u00bbdefault\u00bb background_image=\u00bbhttps:\/\/proyectosaustral.cl\/wp-content\/uploads\/2024\/10\/photo_4954307787857440501_y.jpg\u00bb border_radii=\u00bbon|0vw|0vw|0vw|0vw\u00bb box_shadow_style=\u00bbpreset2&#8243; global_colors_info=\u00bb{}\u00bb][et_pb_divider show_divider=\u00bboff\u00bb _builder_version=\u00bb4.22.0&#8243; _module_preset=\u00bbdefault\u00bb height_tablet=\u00bb40vw\u00bb height_phone=\u00bb40vw\u00bb height_last_edited=\u00bbon|desktop\u00bb locked=\u00bboff\u00bb global_colors_info=\u00bb{}\u00bb][\/et_pb_divider][et_pb_divider show_divider=\u00bboff\u00bb _builder_version=\u00bb4.22.0&#8243; _module_preset=\u00bbdefault\u00bb height_tablet=\u00bb40vw\u00bb height_phone=\u00bb40vw\u00bb height_last_edited=\u00bbon|desktop\u00bb locked=\u00bboff\u00bb global_colors_info=\u00bb{}\u00bb][\/et_pb_divider][\/et_pb_column][\/et_pb_row][\/et_pb_section]<\/p>\n","protected":false},"excerpt":{"rendered":"<p>Proyectos AustralSomos una empresa de Gesti\u00f3n y Capacitaci\u00f3n Admnistrativa, enfocada en soluciones de alto impacto en las organizaciones. Evaluamos los nodos cr\u00edticos de cada proceso generando herramientas de optimizaci\u00f3n y control. Realizamos capacitaci\u00f3n de implementaci\u00f3n de procesos y cumplimiento de normativa legal. Generamos evaluaciones de proyectos presentando la rentabilidad y la proyecci\u00f3n de recuperaci\u00f3n de [&hellip;]<\/p>\n","protected":false},"author":1,"featured_media":0,"parent":0,"menu_order":0,"comment_status":"closed","ping_status":"closed","template":"","meta":{"_et_pb_use_builder":"on","_et_pb_old_content":"","_et_gb_content_width":"","footnotes":""},"class_list":["post-47","page","type-page","status-publish","hentry"],"_links":{"self":[{"href":"https:\/\/proyectosaustral.cl\/index.php\/wp-json\/wp\/v2\/pages\/47","targetHints":{"allow":["GET"]}}],"collection":[{"href":"https:\/\/proyectosaustral.cl\/index.php\/wp-json\/wp\/v2\/pages"}],"about":[{"href":"https:\/\/proyectosaustral.cl\/index.php\/wp-json\/wp\/v2\/types\/page"}],"author":[{"embeddable":true,"href":"https:\/\/proyectosaustral.cl\/index.php\/wp-json\/wp\/v2\/users\/1"}],"replies":[{"embeddable":true,"href":"https:\/\/proyectosaustral.cl\/index.php\/wp-json\/wp\/v2\/comments?post=47"}],"version-history":[{"count":18,"href":"https:\/\/proyectosaustral.cl\/index.php\/wp-json\/wp\/v2\/pages\/47\/revisions"}],"predecessor-version":[{"id":265,"href":"https:\/\/proyectosaustral.cl\/index.php\/wp-json\/wp\/v2\/pages\/47\/revisions\/265"}],"wp:attachment":[{"href":"https:\/\/proyectosaustral.cl\/index.php\/wp-json\/wp\/v2\/media?parent=47"}],"curies":[{"name":"wp","href":"https:\/\/api.w.org\/{rel}","templated":true}]}}