{"id":224,"date":"2024-10-23T06:20:34","date_gmt":"2024-10-23T06:20:34","guid":{"rendered":"https:\/\/proyectosaustral.cl\/?page_id=224"},"modified":"2024-10-23T06:34:51","modified_gmt":"2024-10-23T06:34:51","slug":"evaluacion","status":"publish","type":"page","link":"https:\/\/proyectosaustral.cl\/index.php\/evaluacion\/","title":{"rendered":"Evaluaci\u00f3n de Proyectos"},"content":{"rendered":"<p>[et_pb_section fb_built=\u00bb1&#8243; admin_label=\u00bbServices\u00bb _builder_version=\u00bb4.26.0&#8243; _module_preset=\u00bbdefault\u00bb background_color=\u00bb#FFFFFF\u00bb background_image=\u00bbhttps:\/\/proyectosaustral.cl\/wp-content\/uploads\/2024\/10\/fondo-gris.jpg\u00bb custom_padding=\u00bb50px|||||\u00bb saved_tabs=\u00bball\u00bb collapsed=\u00bbon\u00bb global_colors_info=\u00bb{}\u00bb][et_pb_row column_structure=\u00bb1_2,1_2&#8243; _builder_version=\u00bb4.26.0&#8243; _module_preset=\u00bbdefault\u00bb global_colors_info=\u00bb{}\u00bb][et_pb_column type=\u00bb1_2&#8243; _builder_version=\u00bb4.21.0&#8243; _module_preset=\u00bbdefault\u00bb global_colors_info=\u00bb{}\u00bb][et_pb_heading title=\u00bbEvaluaci\u00f3n de Proyectos\u00bb _builder_version=\u00bb4.26.0&#8243; _module_preset=\u00bbdefault\u00bb title_text_color=\u00bb#0C71C3&#8243; title_font_size=\u00bb50px\u00bb title_text_shadow_style=\u00bbpreset1&#8243; title_text_shadow_horizontal_length=\u00bb-0.05em\u00bb title_text_shadow_vertical_length=\u00bb0em\u00bb title_text_shadow_blur_strength=\u00bb0em\u00bb title_text_shadow_color=\u00bb#0C71C3&#8243; global_colors_info=\u00bb{}\u00bb][\/et_pb_heading][et_pb_heading _builder_version=\u00bb4.26.0&#8243; _module_preset=\u00bbdefault\u00bb title_text_color=\u00bb#6B6B6B\u00bb title_font_size=\u00bb50px\u00bb title_text_shadow_style=\u00bbpreset1&#8243; title_text_shadow_horizontal_length=\u00bb-0.05em\u00bb title_text_shadow_vertical_length=\u00bb0em\u00bb title_text_shadow_blur_strength=\u00bb0em\u00bb global_colors_info=\u00bb{}\u00bb][\/et_pb_heading][et_pb_text _builder_version=\u00bb4.26.0&#8243; _module_preset=\u00bbd34cad14-0494-40b8-ba75-748a36f009c8&#8243; text_font=\u00bb||on||||||\u00bb text_font_size=\u00bb29px\u00bb header_4_text_color=\u00bbgcid-1392a260-4be5-41ea-8980-92b4f6ec249c\u00bb positioning=\u00bbrelative\u00bb vertical_offset=\u00bb-27px\u00bb global_colors_info=\u00bb{%22gcid-1392a260-4be5-41ea-8980-92b4f6ec249c%22:%91%22header_4_text_color%22%93}\u00bb]<\/p>\n<p><span>\u00a1Que tus sue\u00f1os no tengan l\u00edmites!<\/span><\/p>\n<p>[\/et_pb_text][et_pb_text _builder_version=\u00bb4.26.0&#8243; _module_preset=\u00bb3872f042-7f00-414c-911f-3e1ffe0c838c\u00bb header_font_size=\u00bb26px\u00bb header_3_text_color=\u00bb#FFFFFF\u00bb width=\u00bb100%\u00bb max_width=\u00bb1200px\u00bb global_colors_info=\u00bb{}\u00bb]<\/p>\n<h3><span style=\"color: #808080;\"><span>Nos especializamos en brindar soporte integral a peque\u00f1as, medianas y grandes empresas, ofreciendo soluciones estrat\u00e9gicas que potencian su desarrollo<\/span><\/span><\/h3>\n<p>[\/et_pb_text][\/et_pb_column][et_pb_column type=\u00bb1_2&#8243; _builder_version=\u00bb4.21.0&#8243; _module_preset=\u00bbdefault\u00bb global_colors_info=\u00bb{}\u00bb][et_pb_image src=\u00bbhttps:\/\/proyectosaustral.cl\/wp-content\/uploads\/2024\/10\/Grafico-evaluacion.jpg\u00bb title_text=\u00bbGrafico evaluacion\u00bb url=\u00bbhttps:\/\/proyectosaustral.cl\/aula\/login\/index.php\u00bb _builder_version=\u00bb4.26.0&#8243; _module_preset=\u00bbdefault\u00bb hover_enabled=\u00bb0&#8243; box_shadow_style=\u00bbpreset2&#8243; global_colors_info=\u00bb{}\u00bb sticky_enabled=\u00bb0&#8243;][\/et_pb_image][\/et_pb_column][\/et_pb_row][et_pb_row _builder_version=\u00bb4.26.0&#8243; _module_preset=\u00bbdefault\u00bb animation_style=\u00bbfade\u00bb animation_duration=\u00bb1450ms\u00bb global_colors_info=\u00bb{}\u00bb][et_pb_column type=\u00bb4_4&#8243; _builder_version=\u00bb4.26.0&#8243; _module_preset=\u00bbdefault\u00bb background_color=\u00bb#0f7cc1&#8243; overflow-x=\u00bbvisible\u00bb overflow-y=\u00bbvisible\u00bb custom_padding=\u00bb30px|30px|30px|30px|true|true\u00bb custom_padding_tablet=\u00bb30px|30px|30px|30px|true|true\u00bb custom_padding_phone=\u00bb20px|20px|20px|20px|true|true\u00bb custom_padding_last_edited=\u00bbon|phone\u00bb border_radii=\u00bbon|30px|30px|30px|30px\u00bb box_shadow_style=\u00bbpreset2&#8243; global_colors_info=\u00bb{}\u00bb][et_pb_image src=\u00bbhttps:\/\/proyectosaustral.cl\/wp-content\/uploads\/2024\/10\/Evaluacion.jpg\u00bb title_text=\u00bbEvaluacion\u00bb _builder_version=\u00bb4.26.0&#8243; _module_preset=\u00bbdefault\u00bb custom_margin=\u00bb||33px|-16%|false|false\u00bb hover_enabled=\u00bb0&#8243; box_shadow_style=\u00bbpreset4&#8243; global_colors_info=\u00bb{}\u00bb sticky_enabled=\u00bb0&#8243;][\/et_pb_image][et_pb_text _builder_version=\u00bb4.26.0&#8243; _module_preset=\u00bb0a22f859-5737-4498-a750-73dad36d8d97&#8243; header_5_text_color=\u00bb#FFFFFF\u00bb custom_margin=\u00bb||10px||false|false\u00bb hover_enabled=\u00bb0&#8243; global_colors_info=\u00bb{}\u00bb sticky_enabled=\u00bb0&#8243;]<\/p>\n<h5><span>Te acompa\u00f1amos en cada paso de la evaluaci\u00f3n de tus nuevos Proyectos<\/span><\/h5>\n<p>[\/et_pb_text][et_pb_text _builder_version=\u00bb4.26.0&#8243; _module_preset=\u00bb35bd74b6-184a-4845-90c6-e32bbc582286&#8243; text_text_color=\u00bb#FFFFFF\u00bb hover_enabled=\u00bb0&#8243; global_colors_info=\u00bb{}\u00bb sticky_enabled=\u00bb0&#8243;]<\/p>\n<p><strong>Te ofrecemos:<\/strong><\/p>\n<p><span>\u2022 <strong>Estudio de Mercado<\/strong>: Realizamos un an\u00e1lisis exhaustivo del mercado, entreg\u00e1ndote la informaci\u00f3n clave para identificar oportunidades y tomar decisiones informadas.<\/span><\/p>\n<p><span> \u2022<strong> Asesor\u00eda Comercial<\/strong>: Evaluamos tu cartera de productos y servicios, identificando aquellos con mayor potencial de rotaci\u00f3n para maximizar tus ingresos y mejorar la eficiencia comercial.<\/span><\/p>\n<p><span><strong> \u2022 Evaluaci\u00f3n de Proyectos<\/strong>: Desarrollamos una evaluaci\u00f3n detallada de cada proyecto, contemplando la inversi\u00f3n total, cumplimiento normativo, rentabilidad y tiempo estimado de recuperaci\u00f3n, asegurando una toma de decisiones acertada y rentable. <\/span><\/p>\n<p><span><strong>Nuestro equipo<\/strong> est\u00e1 comprometido con el \u00e9xito de las peque\u00f1as y medianas empresas, apoy\u00e1ndolas en sus fases de creaci\u00f3n, crecimiento y reingenier\u00eda, impulsando su competitividaapacitarse en una empresa permite mejorar habilidades y adaptarse a los cambios, lo que impulsa la productividad y asegura el crecimiento profesional y empresarial. \u00a1Invierte en tu equipo y capac\u00edtalos hoy para asegurar el \u00e9xito de ma\u00f1ana!<\/span><\/p>\n<p>[\/et_pb_text][\/et_pb_column][\/et_pb_row][\/et_pb_section][et_pb_section fb_built=\u00bb1&#8243; specialty=\u00bbon\u00bb admin_label=\u00bbFeatures\u00bb _builder_version=\u00bb4.26.0&#8243; _module_preset=\u00bbdefault\u00bb background_color=\u00bb#eab768&#8243; custom_padding=\u00bb||0px|||\u00bb hover_enabled=\u00bb0&#8243; collapsed=\u00bbon\u00bb global_colors_info=\u00bb{}\u00bb sticky_enabled=\u00bb0&#8243;][et_pb_column type=\u00bb1_2&#8243; _builder_version=\u00bb4.16&#8243; _module_preset=\u00bbdefault\u00bb custom_padding=\u00bb|||\u00bb global_colors_info=\u00bb{}\u00bb custom_padding__hover=\u00bb|||\u00bb][et_pb_text _builder_version=\u00bb4.26.0&#8243; _module_preset=\u00bbc31f99bb-e1b3-4ff5-ae20-efaa03420e3d\u00bb global_colors_info=\u00bb{}\u00bb]<\/p>\n<h2><span style=\"color: #ffffff;\">Aula virtual para capacitarte desde cualquier lugar<\/span><\/h2>\n<p>[\/et_pb_text][\/et_pb_column][et_pb_column type=\u00bb1_2&#8243; specialty_columns=\u00bb2&#8243; _builder_version=\u00bb4.16&#8243; _module_preset=\u00bbdefault\u00bb custom_padding=\u00bb|||\u00bb global_colors_info=\u00bb{}\u00bb custom_padding__hover=\u00bb|||\u00bb][et_pb_row_inner _builder_version=\u00bb4.26.0&#8243; _module_preset=\u00bbdefault\u00bb global_colors_info=\u00bb{}\u00bb][et_pb_column_inner saved_specialty_column_type=\u00bb1_2&#8243; _builder_version=\u00bb4.22.0&#8243; _module_preset=\u00bbdefault\u00bb global_colors_info=\u00bb{}\u00bb][et_pb_text _builder_version=\u00bb4.26.0&#8243; _module_preset=\u00bb23d9d1aa-cc75-45e8-a53f-de09e2804b4e\u00bb global_colors_info=\u00bb{}\u00bb]<\/p>\n<p><span style=\"color: #ffffff;\"><span>Explora nuestro nuevo aula virtual, dise\u00f1ada especialmente para optimizar tu experiencia de gesti\u00f3n. En esta plataforma, encontrar\u00e1s recursos exclusivos y herramientas interactivas que te permitir\u00e1n mejorar la eficiencia de tus procesos empresariales y capacitar a su equipo de manera \u00e1gil y efectiva. \u00a1No pierdas la oportunidad de descubrir c\u00f3mo nuestra aula virtual puede impulsar tu crecimiento!<\/span><\/span><\/p>\n<p>[\/et_pb_text][et_pb_button button_url=\u00bbhttps:\/\/proyectosaustral.cl\/aula\/login\/index.php\u00bb button_text=\u00bbIr al Aula Virtual\u00bb _builder_version=\u00bb4.26.0&#8243; _module_preset=\u00bbdefault\u00bb custom_button=\u00bbon\u00bb button_text_color=\u00bb#0C71C3&#8243; button_bg_color=\u00bb#FFFFFF\u00bb button_border_radius=\u00bb23px\u00bb hover_enabled=\u00bb0&#8243; global_colors_info=\u00bb{}\u00bb button_bg_color__hover_enabled=\u00bbon|hover\u00bb button_bg_color__hover=\u00bb#D6D6D6&#8243; button_bg_enable_color__hover=\u00bbon\u00bb sticky_enabled=\u00bb0&#8243;][\/et_pb_button][\/et_pb_column_inner][\/et_pb_row_inner][\/et_pb_column][\/et_pb_section]<\/p>\n","protected":false},"excerpt":{"rendered":"<p>\u00a1Que tus sue\u00f1os no tengan l\u00edmites!Nos especializamos en brindar soporte integral a peque\u00f1as, medianas y grandes empresas, ofreciendo soluciones estrat\u00e9gicas que potencian su desarrolloTe acompa\u00f1amos en cada paso de la evaluaci\u00f3n de tus nuevos ProyectosTe ofrecemos: \u2022 Estudio de Mercado: Realizamos un an\u00e1lisis exhaustivo del mercado, entreg\u00e1ndote la informaci\u00f3n clave para identificar oportunidades y tomar [&hellip;]<\/p>\n","protected":false},"author":1,"featured_media":0,"parent":0,"menu_order":0,"comment_status":"closed","ping_status":"closed","template":"","meta":{"_et_pb_use_builder":"on","_et_pb_old_content":"<!-- wp:paragraph -->\n<p>This is an example page. It's different from a blog post because it will stay in one place and will show up in your site navigation (in most themes). Most people start with an About page that introduces them to potential site visitors. It might say something like this:<\/p>\n<!-- \/wp:paragraph -->\n\n<!-- wp:quote -->\n<blockquote class=\"wp-block-quote\"><p>Hi there! I'm a bike messenger by day, aspiring actor by night, and this is my website. I live in Los Angeles, have a great dog named Jack, and I like pi&#241;a coladas. (And gettin' caught in the rain.)<\/p><\/blockquote>\n<!-- \/wp:quote -->\n\n<!-- wp:paragraph -->\n<p>...or something like this:<\/p>\n<!-- \/wp:paragraph -->\n\n<!-- wp:quote -->\n<blockquote class=\"wp-block-quote\"><p>The XYZ Doohickey Company was founded in 1971, and has been providing quality doohickeys to the public ever since. Located in Gotham City, XYZ employs over 2,000 people and does all kinds of awesome things for the Gotham community.<\/p><\/blockquote>\n<!-- \/wp:quote -->\n\n<!-- wp:paragraph -->\n<p>As a new WordPress user, you should go to <a href=\"https:\/\/proyectosaustral.cl\/wp-admin\/\">your dashboard<\/a> to delete this page and create new pages for your content. Have fun!<\/p>\n<!-- \/wp:paragraph -->","_et_gb_content_width":"","footnotes":""},"class_list":["post-224","page","type-page","status-publish","hentry"],"_links":{"self":[{"href":"https:\/\/proyectosaustral.cl\/index.php\/wp-json\/wp\/v2\/pages\/224","targetHints":{"allow":["GET"]}}],"collection":[{"href":"https:\/\/proyectosaustral.cl\/index.php\/wp-json\/wp\/v2\/pages"}],"about":[{"href":"https:\/\/proyectosaustral.cl\/index.php\/wp-json\/wp\/v2\/types\/page"}],"author":[{"embeddable":true,"href":"https:\/\/proyectosaustral.cl\/index.php\/wp-json\/wp\/v2\/users\/1"}],"replies":[{"embeddable":true,"href":"https:\/\/proyectosaustral.cl\/index.php\/wp-json\/wp\/v2\/comments?post=224"}],"version-history":[{"count":9,"href":"https:\/\/proyectosaustral.cl\/index.php\/wp-json\/wp\/v2\/pages\/224\/revisions"}],"predecessor-version":[{"id":241,"href":"https:\/\/proyectosaustral.cl\/index.php\/wp-json\/wp\/v2\/pages\/224\/revisions\/241"}],"wp:attachment":[{"href":"https:\/\/proyectosaustral.cl\/index.php\/wp-json\/wp\/v2\/media?parent=224"}],"curies":[{"name":"wp","href":"https:\/\/api.w.org\/{rel}","templated":true}]}}