{"id":198,"date":"2024-10-23T05:25:03","date_gmt":"2024-10-23T05:25:03","guid":{"rendered":"https:\/\/proyectosaustral.cl\/?page_id=198"},"modified":"2024-10-23T06:08:15","modified_gmt":"2024-10-23T06:08:15","slug":"capacitacion","status":"publish","type":"page","link":"https:\/\/proyectosaustral.cl\/index.php\/capacitacion\/","title":{"rendered":"Capacitaci\u00f3n"},"content":{"rendered":"<p>[et_pb_section fb_built=\u00bb1&#8243; admin_label=\u00bbServices\u00bb _builder_version=\u00bb4.26.0&#8243; _module_preset=\u00bbdefault\u00bb background_color=\u00bb#FFFFFF\u00bb background_image=\u00bbhttps:\/\/proyectosaustral.cl\/wp-content\/uploads\/2024\/10\/fondo-gris.jpg\u00bb custom_padding=\u00bb50px|||||\u00bb saved_tabs=\u00bball\u00bb collapsed=\u00bbon\u00bb global_colors_info=\u00bb{}\u00bb][et_pb_row _builder_version=\u00bb4.26.0&#8243; _module_preset=\u00bbdefault\u00bb global_colors_info=\u00bb{}\u00bb column_structure=\u00bb1_2,1_2&#8243;][et_pb_column type=\u00bb1_2&#8243; _builder_version=\u00bb4.21.0&#8243; _module_preset=\u00bbdefault\u00bb global_colors_info=\u00bb{}\u00bb][et_pb_heading title=\u00bbCapacitaci\u00f3n\u00bb _builder_version=\u00bb4.26.0&#8243; _module_preset=\u00bbdefault\u00bb title_text_color=\u00bb#0C71C3&#8243; title_font_size=\u00bb50px\u00bb title_text_shadow_style=\u00bbpreset1&#8243; title_text_shadow_horizontal_length=\u00bb-0.05em\u00bb title_text_shadow_vertical_length=\u00bb0em\u00bb title_text_shadow_blur_strength=\u00bb0em\u00bb title_text_shadow_color=\u00bb#0C71C3&#8243; global_colors_info=\u00bb{}\u00bb][\/et_pb_heading][et_pb_heading _builder_version=\u00bb4.26.0&#8243; _module_preset=\u00bbdefault\u00bb title_text_color=\u00bb#6B6B6B\u00bb title_font_size=\u00bb50px\u00bb title_text_shadow_style=\u00bbpreset1&#8243; title_text_shadow_horizontal_length=\u00bb-0.05em\u00bb title_text_shadow_vertical_length=\u00bb0em\u00bb title_text_shadow_blur_strength=\u00bb0em\u00bb global_colors_info=\u00bb{}\u00bb][\/et_pb_heading][et_pb_text _builder_version=\u00bb4.26.0&#8243; _module_preset=\u00bbd34cad14-0494-40b8-ba75-748a36f009c8&#8243; text_font=\u00bb||on||||||\u00bb text_font_size=\u00bb29px\u00bb header_4_text_color=\u00bbgcid-1392a260-4be5-41ea-8980-92b4f6ec249c\u00bb positioning=\u00bbrelative\u00bb vertical_offset=\u00bb-27px\u00bb global_colors_info=\u00bb{%22gcid-1392a260-4be5-41ea-8980-92b4f6ec249c%22:%91%22header_4_text_color%22%93}\u00bb]<\/p>\n<p>Cursos especialmente dise\u00f1ados para mejorar y actualizar tus competencias.<\/p>\n<p>[\/et_pb_text][et_pb_text _builder_version=\u00bb4.26.0&#8243; _module_preset=\u00bb3872f042-7f00-414c-911f-3e1ffe0c838c\u00bb header_3_text_color=\u00bb#FFFFFF\u00bb width=\u00bb100%\u00bb max_width=\u00bb1200px\u00bb hover_enabled=\u00bb0&#8243; global_colors_info=\u00bb{}\u00bb header_font_size=\u00bb26px\u00bb sticky_enabled=\u00bb0&#8243;]<\/p>\n<h3><span style=\"color: #808080;\">Nuestra oferta de cursos est\u00e1 disponible en Moodle, la plataforma tecnol\u00f3gica de mayor prestigio y fiabilidad en el \u00e1mbito de la educaci\u00f3n online.<\/span><\/h3>\n<p>[\/et_pb_text][\/et_pb_column][et_pb_column type=\u00bb1_2&#8243; _builder_version=\u00bb4.21.0&#8243; _module_preset=\u00bbdefault\u00bb global_colors_info=\u00bb{}\u00bb][et_pb_image src=\u00bbhttps:\/\/proyectosaustral.cl\/wp-content\/uploads\/2024\/10\/logomoodle.jpg\u00bb _builder_version=\u00bb4.26.0&#8243; _module_preset=\u00bbdefault\u00bb title_text=\u00bblogomoodle\u00bb hover_enabled=\u00bb0&#8243; sticky_enabled=\u00bb0&#8243; box_shadow_style=\u00bbpreset2&#8243; url=\u00bbhttps:\/\/proyectosaustral.cl\/aula\/login\/index.php\u00bb][\/et_pb_image][\/et_pb_column][\/et_pb_row][et_pb_row _builder_version=\u00bb4.26.0&#8243; _module_preset=\u00bbdefault\u00bb animation_style=\u00bbfade\u00bb animation_duration=\u00bb1450ms\u00bb global_colors_info=\u00bb{}\u00bb][et_pb_column type=\u00bb4_4&#8243; _builder_version=\u00bb4.26.0&#8243; _module_preset=\u00bbdefault\u00bb background_color=\u00bb#0f7cc1&#8243; overflow-x=\u00bbvisible\u00bb overflow-y=\u00bbvisible\u00bb custom_padding=\u00bb30px|30px|30px|30px|true|true\u00bb custom_padding_tablet=\u00bb30px|30px|30px|30px|true|true\u00bb custom_padding_phone=\u00bb20px|20px|20px|20px|true|true\u00bb custom_padding_last_edited=\u00bbon|phone\u00bb border_radii=\u00bbon|30px|30px|30px|30px\u00bb box_shadow_style=\u00bbpreset2&#8243; global_colors_info=\u00bb{}\u00bb][et_pb_image src=\u00bbhttps:\/\/proyectosaustral.cl\/wp-content\/uploads\/2024\/10\/capacita.jpg\u00bb title_text=\u00bbcapacita\u00bb _builder_version=\u00bb4.26.0&#8243; _module_preset=\u00bbdefault\u00bb custom_margin=\u00bb||33px|-16%|false|false\u00bb box_shadow_style=\u00bbpreset4&#8243; global_colors_info=\u00bb{}\u00bb][\/et_pb_image][et_pb_text _builder_version=\u00bb4.26.0&#8243; _module_preset=\u00bb0a22f859-5737-4498-a750-73dad36d8d97&#8243; header_5_text_color=\u00bb#FFFFFF\u00bb custom_margin=\u00bb||10px||false|false\u00bb global_colors_info=\u00bb{}\u00bb]<\/p>\n<h5>\u00bfPor qu\u00e9 deber\u00edas capacitarte?<\/h5>\n<p>[\/et_pb_text][et_pb_text _builder_version=\u00bb4.26.0&#8243; _module_preset=\u00bb35bd74b6-184a-4845-90c6-e32bbc582286&#8243; text_text_color=\u00bbrgba(255,255,255,0.7)\u00bb hover_enabled=\u00bb0&#8243; global_colors_info=\u00bb{}\u00bb sticky_enabled=\u00bb0&#8243;]<\/p>\n<p><span>Capacitarse en una empresa permite mejorar habilidades y adaptarse a los cambios, lo que impulsa la productividad y asegura el crecimiento profesional y empresarial. \u00a1Invierte en tu equipo y capac\u00edtalos hoy para asegurar el \u00e9xito de ma\u00f1ana!<\/span><\/p>\n<p>[\/et_pb_text][\/et_pb_column][\/et_pb_row][\/et_pb_section][et_pb_section fb_built=\u00bb1&#8243; specialty=\u00bbon\u00bb admin_label=\u00bbFeatures\u00bb _builder_version=\u00bb4.26.0&#8243; _module_preset=\u00bbdefault\u00bb background_color=\u00bb#1aa9e1&#8243; custom_padding=\u00bb||0px|||\u00bb collapsed=\u00bbon\u00bb global_colors_info=\u00bb{}\u00bb][et_pb_column type=\u00bb1_2&#8243; _builder_version=\u00bb4.16&#8243; _module_preset=\u00bbdefault\u00bb custom_padding=\u00bb|||\u00bb global_colors_info=\u00bb{}\u00bb custom_padding__hover=\u00bb|||\u00bb][et_pb_text _builder_version=\u00bb4.26.0&#8243; _module_preset=\u00bbc31f99bb-e1b3-4ff5-ae20-efaa03420e3d\u00bb global_colors_info=\u00bb{}\u00bb]<\/p>\n<h2><span style=\"color: #ffffff;\">Aula virtual para capacitarte desde cualquier lugar<\/span><\/h2>\n<p>[\/et_pb_text][\/et_pb_column][et_pb_column type=\u00bb1_2&#8243; specialty_columns=\u00bb2&#8243; _builder_version=\u00bb4.16&#8243; _module_preset=\u00bbdefault\u00bb custom_padding=\u00bb|||\u00bb global_colors_info=\u00bb{}\u00bb custom_padding__hover=\u00bb|||\u00bb][et_pb_row_inner _builder_version=\u00bb4.26.0&#8243; _module_preset=\u00bbdefault\u00bb global_colors_info=\u00bb{}\u00bb][et_pb_column_inner saved_specialty_column_type=\u00bb1_2&#8243; _builder_version=\u00bb4.22.0&#8243; _module_preset=\u00bbdefault\u00bb global_colors_info=\u00bb{}\u00bb][et_pb_text _builder_version=\u00bb4.26.0&#8243; _module_preset=\u00bb23d9d1aa-cc75-45e8-a53f-de09e2804b4e\u00bb hover_enabled=\u00bb0&#8243; global_colors_info=\u00bb{}\u00bb sticky_enabled=\u00bb0&#8243;]<\/p>\n<p><span style=\"color: #ffffff;\"><span>Explora nuestro nuevo aula virtual, dise\u00f1ada especialmente para optimizar tu experiencia de gesti\u00f3n. En esta plataforma, encontrar\u00e1s recursos exclusivos y herramientas interactivas que te permitir\u00e1n mejorar la eficiencia de tus procesos empresariales y capacitar a su equipo de manera \u00e1gil y efectiva. \u00a1No pierdas la oportunidad de descubrir c\u00f3mo nuestra aula virtual puede impulsar tu crecimiento!<\/span><\/span><\/p>\n<p>[\/et_pb_text][et_pb_button button_url=\u00bbhttps:\/\/proyectosaustral.cl\/aula\/login\/index.php\u00bb button_text=\u00bbIr al Aula Virtual\u00bb _builder_version=\u00bb4.26.0&#8243; _module_preset=\u00bbdefault\u00bb custom_button=\u00bbon\u00bb button_text_color=\u00bb#0C71C3&#8243; button_bg_color=\u00bb#FFFFFF\u00bb button_border_radius=\u00bb23px\u00bb hover_enabled=\u00bb0&#8243; global_colors_info=\u00bb{}\u00bb button_bg_color__hover_enabled=\u00bbon|hover\u00bb button_bg_color__hover=\u00bb#e0e0e0&#8243; button_bg_enable_color__hover=\u00bbon\u00bb sticky_enabled=\u00bb0&#8243;][\/et_pb_button][\/et_pb_column_inner][\/et_pb_row_inner][\/et_pb_column][\/et_pb_section]<\/p>\n","protected":false},"excerpt":{"rendered":"<p>Cursos especialmente dise\u00f1ados para mejorar y actualizar tus competencias.Nuestra oferta de cursos est\u00e1 disponible en Moodle, la plataforma tecnol\u00f3gica de mayor prestigio y fiabilidad en el \u00e1mbito de la educaci\u00f3n online.\u00bfPor qu\u00e9 deber\u00edas capacitarte?Capacitarse en una empresa permite mejorar habilidades y adaptarse a los cambios, lo que impulsa la productividad y asegura el crecimiento profesional [&hellip;]<\/p>\n","protected":false},"author":1,"featured_media":0,"parent":0,"menu_order":0,"comment_status":"closed","ping_status":"closed","template":"","meta":{"_et_pb_use_builder":"on","_et_pb_old_content":"<!-- wp:paragraph -->\n<p>This is an example page. It's different from a blog post because it will stay in one place and will show up in your site navigation (in most themes). Most people start with an About page that introduces them to potential site visitors. It might say something like this:<\/p>\n<!-- \/wp:paragraph -->\n\n<!-- wp:quote -->\n<blockquote class=\"wp-block-quote\"><p>Hi there! I'm a bike messenger by day, aspiring actor by night, and this is my website. I live in Los Angeles, have a great dog named Jack, and I like pi&#241;a coladas. (And gettin' caught in the rain.)<\/p><\/blockquote>\n<!-- \/wp:quote -->\n\n<!-- wp:paragraph -->\n<p>...or something like this:<\/p>\n<!-- \/wp:paragraph -->\n\n<!-- wp:quote -->\n<blockquote class=\"wp-block-quote\"><p>The XYZ Doohickey Company was founded in 1971, and has been providing quality doohickeys to the public ever since. Located in Gotham City, XYZ employs over 2,000 people and does all kinds of awesome things for the Gotham community.<\/p><\/blockquote>\n<!-- \/wp:quote -->\n\n<!-- wp:paragraph -->\n<p>As a new WordPress user, you should go to <a href=\"https:\/\/proyectosaustral.cl\/wp-admin\/\">your dashboard<\/a> to delete this page and create new pages for your content. Have fun!<\/p>\n<!-- \/wp:paragraph -->","_et_gb_content_width":"","footnotes":""},"class_list":["post-198","page","type-page","status-publish","hentry"],"_links":{"self":[{"href":"https:\/\/proyectosaustral.cl\/index.php\/wp-json\/wp\/v2\/pages\/198","targetHints":{"allow":["GET"]}}],"collection":[{"href":"https:\/\/proyectosaustral.cl\/index.php\/wp-json\/wp\/v2\/pages"}],"about":[{"href":"https:\/\/proyectosaustral.cl\/index.php\/wp-json\/wp\/v2\/types\/page"}],"author":[{"embeddable":true,"href":"https:\/\/proyectosaustral.cl\/index.php\/wp-json\/wp\/v2\/users\/1"}],"replies":[{"embeddable":true,"href":"https:\/\/proyectosaustral.cl\/index.php\/wp-json\/wp\/v2\/comments?post=198"}],"version-history":[{"count":13,"href":"https:\/\/proyectosaustral.cl\/index.php\/wp-json\/wp\/v2\/pages\/198\/revisions"}],"predecessor-version":[{"id":222,"href":"https:\/\/proyectosaustral.cl\/index.php\/wp-json\/wp\/v2\/pages\/198\/revisions\/222"}],"wp:attachment":[{"href":"https:\/\/proyectosaustral.cl\/index.php\/wp-json\/wp\/v2\/media?parent=198"}],"curies":[{"name":"wp","href":"https:\/\/api.w.org\/{rel}","templated":true}]}}